{"id":5012,"date":"2021-08-18T11:48:08","date_gmt":"2021-08-18T09:48:08","guid":{"rendered":"https:\/\/www.monpier-gherdeina.it\/box\/?post_type=product&#038;p=5012"},"modified":"2023-06-22T09:24:11","modified_gmt":"2023-06-22T07:24:11","slug":"1230-urtijei-barley-wine","status":"publish","type":"product","link":"https:\/\/www.monpier-gherdeina.it\/box\/prodotto\/1230-urtijei-barley-wine\/","title":{"rendered":"<center>Urtij\u00ebi 1230 <br> Barley Wine <\/center>"},"content":{"rendered":"\t\t<div data-elementor-type=\"wp-post\" data-elementor-id=\"5012\" class=\"elementor elementor-5012\">\n\t\t\t\t\t\t<section class=\"elementor-section elementor-top-section elementor-element elementor-element-60a5a1c elementor-section-boxed elementor-section-height-default elementor-section-height-default\" data-id=\"60a5a1c\" data-element_type=\"section\" data-e-type=\"section\" data-settings=\"{&quot;background_background&quot;:&quot;classic&quot;}\">\n\t\t\t\t\t\t<div class=\"elementor-container elementor-column-gap-default\">\n\t\t\t\t\t<div class=\"elementor-column elementor-col-50 elementor-top-column elementor-element elementor-element-b02b641\" data-id=\"b02b641\" data-element_type=\"column\" data-e-type=\"column\" data-settings=\"{&quot;animation&quot;:&quot;none&quot;,&quot;background_background&quot;:&quot;classic&quot;}\">\n\t\t\t<div class=\"elementor-widget-wrap elementor-element-populated\">\n\t\t\t\t\t\t<div class=\"elementor-element elementor-element-b0d52ac elementor-widget elementor-widget-heading\" data-id=\"b0d52ac\" data-element_type=\"widget\" data-e-type=\"widget\" data-widget_type=\"heading.default\">\n\t\t\t\t<div class=\"elementor-widget-container\">\n\t\t\t\t\t<h2 class=\"elementor-heading-title elementor-size-default\">1230 Urtij\u00ebI <br><\/h2>\t\t\t\t<\/div>\n\t\t\t\t<\/div>\n\t\t\t\t<div class=\"elementor-element elementor-element-4547c68 elementor-widget elementor-widget-heading\" data-id=\"4547c68\" data-element_type=\"widget\" data-e-type=\"widget\" data-widget_type=\"heading.default\">\n\t\t\t\t<div class=\"elementor-widget-container\">\n\t\t\t\t\t<h5 class=\"elementor-heading-title elementor-size-default\">barley<\/h5>\t\t\t\t<\/div>\n\t\t\t\t<\/div>\n\t\t\t\t<div class=\"elementor-element elementor-element-294c17d elementor-widget-divider--view-line elementor-widget elementor-widget-divider\" data-id=\"294c17d\" data-element_type=\"widget\" data-e-type=\"widget\" data-widget_type=\"divider.default\">\n\t\t\t\t<div class=\"elementor-widget-container\">\n\t\t\t\t\t\t\t<div class=\"elementor-divider\">\n\t\t\t<span class=\"elementor-divider-separator\">\n\t\t\t\t\t\t<\/span>\n\t\t<\/div>\n\t\t\t\t\t\t<\/div>\n\t\t\t\t<\/div>\n\t\t\t\t<div class=\"elementor-element elementor-element-143105c elementor-widget elementor-widget-text-editor\" data-id=\"143105c\" data-element_type=\"widget\" data-e-type=\"widget\" data-widget_type=\"text-editor.default\">\n\t\t\t\t<div class=\"elementor-widget-container\">\n\t\t\t\t\t\t\t\t\t<p>Stappare Urtij\u00ebi nella sua versione barley 2020 \u00e8 un&#8217;esperienza inebriante.<br \/>E&#8217; una birra pensata come omaggio alle tradizionali barley wine inglesi, con un importante contributo dei malti, un lungo affinamento in botti di rum e un lievito neutro inglese.<\/p><p>L&#8217;anno di attesa in botte ci regala un olfatto vinoso, intenso, di pera, caramelle al malto, frutta secca, prugne e il richiamo alcolico del rum. In bocca \u00e8 decisa, intensa, lunga e molto appagante. Ritorna nel finale un alcolico riscaldante che si associa a un corpo solido ma non eccessivamente massivo.<\/p><p><b>Come da tradizione, si abbina molto volentieri a frutta secca, biscotti burrosi o magari cantucci, vezzosamente intinti nel nettare.<\/b><\/p>\t\t\t\t\t\t\t\t<\/div>\n\t\t\t\t<\/div>\n\t\t\t\t<div class=\"elementor-element elementor-element-48e8054 elementor-widget elementor-widget-button\" data-id=\"48e8054\" data-element_type=\"widget\" data-e-type=\"widget\" data-widget_type=\"button.default\">\n\t\t\t\t<div class=\"elementor-widget-container\">\n\t\t\t\t\t\t\t\t\t<div class=\"elementor-button-wrapper\">\n\t\t\t\t\t<a class=\"elementor-button elementor-button-link elementor-size-sm elementor-animation-shrink\" href=\"https:\/\/www.monpier-gherdeina.it\/box\/wp-content\/uploads\/2021\/08\/Urtijei-1230-Barley-wine.pdf\" target=\"_blank\">\n\t\t\t\t\t\t<span class=\"elementor-button-content-wrapper\">\n\t\t\t\t\t\t\t\t\t<span class=\"elementor-button-text\">Scheda Tecnica<\/span>\n\t\t\t\t\t<\/span>\n\t\t\t\t\t<\/a>\n\t\t\t\t<\/div>\n\t\t\t\t\t\t\t\t<\/div>\n\t\t\t\t<\/div>\n\t\t\t\t\t<\/div>\n\t\t<\/div>\n\t\t\t\t<div class=\"elementor-column elementor-col-50 elementor-top-column elementor-element elementor-element-9260ad8\" data-id=\"9260ad8\" data-element_type=\"column\" data-e-type=\"column\" data-settings=\"{&quot;animation&quot;:&quot;none&quot;,&quot;background_background&quot;:&quot;classic&quot;}\">\n\t\t\t<div class=\"elementor-widget-wrap elementor-element-populated\">\n\t\t\t\t\t\t<div class=\"elementor-element elementor-element-66604216 elementor-widget elementor-widget-heading\" data-id=\"66604216\" data-element_type=\"widget\" data-e-type=\"widget\" data-widget_type=\"heading.default\">\n\t\t\t\t<div class=\"elementor-widget-container\">\n\t\t\t\t\t<h2 class=\"elementor-heading-title elementor-size-xl\">Scheda organolettica<\/h2>\t\t\t\t<\/div>\n\t\t\t\t<\/div>\n\t\t\t\t<div class=\"elementor-element elementor-element-439abfd elementor-widget elementor-widget-spacer\" data-id=\"439abfd\" data-element_type=\"widget\" data-e-type=\"widget\" data-widget_type=\"spacer.default\">\n\t\t\t\t<div class=\"elementor-widget-container\">\n\t\t\t\t\t\t\t<div class=\"elementor-spacer\">\n\t\t\t<div class=\"elementor-spacer-inner\"><\/div>\n\t\t<\/div>\n\t\t\t\t\t\t<\/div>\n\t\t\t\t<\/div>\n\t\t\t\t<div class=\"elementor-element elementor-element-319d131 elementor-widget elementor-widget-heading\" data-id=\"319d131\" data-element_type=\"widget\" data-e-type=\"widget\" data-widget_type=\"heading.default\">\n\t\t\t\t<div class=\"elementor-widget-container\">\n\t\t\t\t\t<h4 class=\"elementor-heading-title elementor-size-default\">fLAVOUR<\/h4>\t\t\t\t<\/div>\n\t\t\t\t<\/div>\n\t\t\t\t<div class=\"elementor-element elementor-element-22ed0d8 elementor-widget elementor-widget-spacer\" data-id=\"22ed0d8\" data-element_type=\"widget\" data-e-type=\"widget\" data-widget_type=\"spacer.default\">\n\t\t\t\t<div class=\"elementor-widget-container\">\n\t\t\t\t\t\t\t<div class=\"elementor-spacer\">\n\t\t\t<div class=\"elementor-spacer-inner\"><\/div>\n\t\t<\/div>\n\t\t\t\t\t\t<\/div>\n\t\t\t\t<\/div>\n\t\t\t\t<div class=\"elementor-element elementor-element-0d18bda elementor-widget elementor-widget-progress\" data-id=\"0d18bda\" data-element_type=\"widget\" data-e-type=\"widget\" data-settings=\"{&quot;_animation&quot;:&quot;none&quot;}\" data-widget_type=\"progress.default\">\n\t\t\t\t<div class=\"elementor-widget-container\">\n\t\t\t\t\t\n\t\t<div class=\"elementor-progress-wrapper progress-warning\" role=\"progressbar\" aria-valuemin=\"0\" aria-valuemax=\"100\" aria-valuenow=\"20\">\n\t\t\t<div class=\"elementor-progress-bar\" data-max=\"20\">\n\t\t\t\t<span class=\"elementor-progress-text\"><\/span>\n\t\t\t\t\t\t\t<\/div>\n\t\t<\/div>\n\t\t\t\t\t\t<\/div>\n\t\t\t\t<\/div>\n\t\t\t\t<div class=\"elementor-element elementor-element-2f43e1a elementor-widget elementor-widget-heading\" data-id=\"2f43e1a\" data-element_type=\"widget\" data-e-type=\"widget\" data-widget_type=\"heading.default\">\n\t\t\t\t<div class=\"elementor-widget-container\">\n\t\t\t\t\t<h4 class=\"elementor-heading-title elementor-size-default\">cOLOR<\/h4>\t\t\t\t<\/div>\n\t\t\t\t<\/div>\n\t\t\t\t<div class=\"elementor-element elementor-element-a61598e elementor-widget elementor-widget-spacer\" data-id=\"a61598e\" data-element_type=\"widget\" data-e-type=\"widget\" data-widget_type=\"spacer.default\">\n\t\t\t\t<div class=\"elementor-widget-container\">\n\t\t\t\t\t\t\t<div class=\"elementor-spacer\">\n\t\t\t<div class=\"elementor-spacer-inner\"><\/div>\n\t\t<\/div>\n\t\t\t\t\t\t<\/div>\n\t\t\t\t<\/div>\n\t\t\t\t<div class=\"elementor-element elementor-element-34dafdf elementor-widget elementor-widget-progress\" data-id=\"34dafdf\" data-element_type=\"widget\" data-e-type=\"widget\" data-settings=\"{&quot;_animation&quot;:&quot;none&quot;}\" data-widget_type=\"progress.default\">\n\t\t\t\t<div class=\"elementor-widget-container\">\n\t\t\t\t\t\n\t\t<div class=\"elementor-progress-wrapper progress-warning\" role=\"progressbar\" aria-valuemin=\"0\" aria-valuemax=\"100\" aria-valuenow=\"50\">\n\t\t\t<div class=\"elementor-progress-bar\" data-max=\"50\">\n\t\t\t\t<span class=\"elementor-progress-text\"><\/span>\n\t\t\t\t\t\t\t<\/div>\n\t\t<\/div>\n\t\t\t\t\t\t<\/div>\n\t\t\t\t<\/div>\n\t\t\t\t<div class=\"elementor-element elementor-element-053a5d4 elementor-widget elementor-widget-heading\" data-id=\"053a5d4\" data-element_type=\"widget\" data-e-type=\"widget\" data-widget_type=\"heading.default\">\n\t\t\t\t<div class=\"elementor-widget-container\">\n\t\t\t\t\t<h4 class=\"elementor-heading-title elementor-size-default\">bODY<\/h4>\t\t\t\t<\/div>\n\t\t\t\t<\/div>\n\t\t\t\t<div class=\"elementor-element elementor-element-a009268 elementor-widget elementor-widget-spacer\" data-id=\"a009268\" data-element_type=\"widget\" data-e-type=\"widget\" data-widget_type=\"spacer.default\">\n\t\t\t\t<div class=\"elementor-widget-container\">\n\t\t\t\t\t\t\t<div class=\"elementor-spacer\">\n\t\t\t<div class=\"elementor-spacer-inner\"><\/div>\n\t\t<\/div>\n\t\t\t\t\t\t<\/div>\n\t\t\t\t<\/div>\n\t\t\t\t<div class=\"elementor-element elementor-element-7d2305f elementor-widget elementor-widget-progress\" data-id=\"7d2305f\" data-element_type=\"widget\" data-e-type=\"widget\" data-settings=\"{&quot;_animation&quot;:&quot;none&quot;}\" data-widget_type=\"progress.default\">\n\t\t\t\t<div class=\"elementor-widget-container\">\n\t\t\t\t\t\n\t\t<div class=\"elementor-progress-wrapper progress-warning\" role=\"progressbar\" aria-valuemin=\"0\" aria-valuemax=\"100\" aria-valuenow=\"90\">\n\t\t\t<div class=\"elementor-progress-bar\" data-max=\"90\">\n\t\t\t\t<span class=\"elementor-progress-text\"><\/span>\n\t\t\t\t\t\t\t<\/div>\n\t\t<\/div>\n\t\t\t\t\t\t<\/div>\n\t\t\t\t<\/div>\n\t\t\t\t<div class=\"elementor-element elementor-element-6305389 elementor-widget elementor-widget-heading\" data-id=\"6305389\" data-element_type=\"widget\" data-e-type=\"widget\" data-widget_type=\"heading.default\">\n\t\t\t\t<div class=\"elementor-widget-container\">\n\t\t\t\t\t<h4 class=\"elementor-heading-title elementor-size-default\">fERMENTATION<\/h4>\t\t\t\t<\/div>\n\t\t\t\t<\/div>\n\t\t\t\t<div class=\"elementor-element elementor-element-12300e1 elementor-widget elementor-widget-spacer\" data-id=\"12300e1\" data-element_type=\"widget\" data-e-type=\"widget\" data-widget_type=\"spacer.default\">\n\t\t\t\t<div class=\"elementor-widget-container\">\n\t\t\t\t\t\t\t<div class=\"elementor-spacer\">\n\t\t\t<div class=\"elementor-spacer-inner\"><\/div>\n\t\t<\/div>\n\t\t\t\t\t\t<\/div>\n\t\t\t\t<\/div>\n\t\t\t\t<div class=\"elementor-element elementor-element-24c3abb elementor-widget elementor-widget-progress\" data-id=\"24c3abb\" data-element_type=\"widget\" data-e-type=\"widget\" data-settings=\"{&quot;_animation&quot;:&quot;none&quot;}\" data-widget_type=\"progress.default\">\n\t\t\t\t<div class=\"elementor-widget-container\">\n\t\t\t\t\t\n\t\t<div class=\"elementor-progress-wrapper progress-warning\" role=\"progressbar\" aria-valuemin=\"0\" aria-valuemax=\"100\" aria-valuenow=\"5\">\n\t\t\t<div class=\"elementor-progress-bar\" data-max=\"5\">\n\t\t\t\t<span class=\"elementor-progress-text\"><\/span>\n\t\t\t\t\t\t\t<\/div>\n\t\t<\/div>\n\t\t\t\t\t\t<\/div>\n\t\t\t\t<\/div>\n\t\t\t\t\t<\/div>\n\t\t<\/div>\n\t\t\t\t\t<\/div>\n\t\t<\/section>\n\t\t\t\t<\/div>\n\t\t","protected":false},"excerpt":{"rendered":"<p>Barley Wine tradizionale, maturato in botti di rum per 12 mesi. Per l&#8217;occasione speciale.<\/p>\n<p><strong>Disponibile in scatole da 12 bottiglie da 33cl<\/strong><\/p>\n<table style=\"height: 188px;\" align=\"center\">\n<tbody>\n<tr>\n<td><strong>Stile:<\/strong><\/td>\n<td>Barley Wine<\/td>\n<\/tr>\n<tr>\n<td><strong>Alcol:\u00a0<\/strong><\/td>\n<td>11,4<\/td>\n<\/tr>\n<tr>\n<td><strong>Ibu:\u00a0<\/strong><\/td>\n<td>70<\/td>\n<\/tr>\n<tr>\n<td><strong>Plato:\u00a0<\/strong><\/td>\n<td>26<\/td>\n<\/tr>\n<tr>\n<td><strong>Formato:<\/strong><\/td>\n<td>Bottiglia 33cl<\/td>\n<\/tr>\n<tr>\n<td><strong>Ingredienti:<\/strong><\/td>\n<td>Acqua, MALTO D&#8217;ORZO, Luppolo,\u00a0 Lievito.<\/td>\n<\/tr>\n<tr>\n<td><strong>Disponibilit\u00e0:<\/strong><\/td>\n<td>Stagionale<\/td>\n<\/tr>\n<\/tbody>\n<\/table>\n<p>&nbsp;<\/p>\n","protected":false},"featured_media":5035,"template":"","meta":[],"product_brand":[],"product_cat":[35,18],"product_tag":[23,61],"class_list":{"0":"post-5012","1":"product","2":"type-product","3":"status-publish","4":"has-post-thumbnail","6":"product_cat-birre","7":"product_cat-offerte","8":"product_tag-alta-fermentazione","9":"product_tag-barrell","11":"first","12":"outofstock","13":"taxable","14":"shipping-taxable","15":"purchasable","16":"product-type-simple"},"yoast_head":"<!-- This site is optimized with the Yoast SEO plugin v27.4 - https:\/\/yoast.com\/product\/yoast-seo-wordpress\/ -->\n<title>Urtij\u00ebi 1230  Barley Wine  - Monpi\u00ebr de Gherd\u00ebina<\/title>\n<meta name=\"robots\" content=\"index, follow, max-snippet:-1, max-image-preview:large, max-video-preview:-1\" \/>\n<link rel=\"canonical\" href=\"https:\/\/www.monpier-gherdeina.it\/box\/prodotto\/1230-urtijei-barley-wine\/\" \/>\n<meta property=\"og:locale\" content=\"it_IT\" \/>\n<meta property=\"og:type\" content=\"article\" \/>\n<meta property=\"og:title\" content=\"Urtij\u00ebi 1230  Barley Wine  - Monpi\u00ebr de Gherd\u00ebina\" \/>\n<meta property=\"og:description\" content=\"Barley Wine tradizionale, maturato in botti di rum per 12 mesi. Per l&#039;occasione speciale.  Disponibile in scatole da 12 bottiglie da 33cl    Stile: Barley Wine   Alcol:\u00a0 11,4   Ibu:\u00a0 70   Plato:\u00a0 26   Formato: Bottiglia 33cl   Ingredienti: Acqua, MALTO D&#039;ORZO, Luppolo,\u00a0 Lievito.   Disponibilit\u00e0: Stagionale    &nbsp;\" \/>\n<meta property=\"og:url\" content=\"https:\/\/www.monpier-gherdeina.it\/box\/prodotto\/1230-urtijei-barley-wine\/\" \/>\n<meta property=\"og:site_name\" content=\"Monpi\u00ebr de Gherd\u00ebina\" \/>\n<meta property=\"article:publisher\" content=\"https:\/\/www.facebook.com\/monpierdegherdeina\" \/>\n<meta property=\"article:modified_time\" content=\"2023-06-22T07:24:11+00:00\" \/>\n<meta property=\"og:image\" content=\"https:\/\/www.monpier-gherdeina.it\/box\/wp-content\/uploads\/2021\/08\/033-bottiglia-barley-wine-1.jpg\" \/>\n\t<meta property=\"og:image:width\" content=\"752\" \/>\n\t<meta property=\"og:image:height\" content=\"1132\" \/>\n\t<meta property=\"og:image:type\" content=\"image\/jpeg\" \/>\n<meta name=\"twitter:card\" content=\"summary_large_image\" \/>\n<meta name=\"twitter:label1\" content=\"Tempo di lettura stimato\" \/>\n\t<meta name=\"twitter:data1\" content=\"1 minuto\" \/>\n<script type=\"application\/ld+json\" class=\"yoast-schema-graph\">{\"@context\":\"https:\\\/\\\/schema.org\",\"@graph\":[{\"@type\":\"WebPage\",\"@id\":\"https:\\\/\\\/www.monpier-gherdeina.it\\\/box\\\/prodotto\\\/1230-urtijei-barley-wine\\\/\",\"url\":\"https:\\\/\\\/www.monpier-gherdeina.it\\\/box\\\/prodotto\\\/1230-urtijei-barley-wine\\\/\",\"name\":\"Urtij\u00ebi 1230 Barley Wine - Monpi\u00ebr de Gherd\u00ebina\",\"isPartOf\":{\"@id\":\"https:\\\/\\\/www.monpier-gherdeina.it\\\/box\\\/#website\"},\"primaryImageOfPage\":{\"@id\":\"https:\\\/\\\/www.monpier-gherdeina.it\\\/box\\\/prodotto\\\/1230-urtijei-barley-wine\\\/#primaryimage\"},\"image\":{\"@id\":\"https:\\\/\\\/www.monpier-gherdeina.it\\\/box\\\/prodotto\\\/1230-urtijei-barley-wine\\\/#primaryimage\"},\"thumbnailUrl\":\"https:\\\/\\\/www.monpier-gherdeina.it\\\/box\\\/wp-content\\\/uploads\\\/2021\\\/08\\\/033-bottiglia-barley-wine-1.jpg\",\"datePublished\":\"2021-08-18T09:48:08+00:00\",\"dateModified\":\"2023-06-22T07:24:11+00:00\",\"breadcrumb\":{\"@id\":\"https:\\\/\\\/www.monpier-gherdeina.it\\\/box\\\/prodotto\\\/1230-urtijei-barley-wine\\\/#breadcrumb\"},\"inLanguage\":\"it-IT\",\"potentialAction\":[{\"@type\":\"ReadAction\",\"target\":[\"https:\\\/\\\/www.monpier-gherdeina.it\\\/box\\\/prodotto\\\/1230-urtijei-barley-wine\\\/\"]}]},{\"@type\":\"ImageObject\",\"inLanguage\":\"it-IT\",\"@id\":\"https:\\\/\\\/www.monpier-gherdeina.it\\\/box\\\/prodotto\\\/1230-urtijei-barley-wine\\\/#primaryimage\",\"url\":\"https:\\\/\\\/www.monpier-gherdeina.it\\\/box\\\/wp-content\\\/uploads\\\/2021\\\/08\\\/033-bottiglia-barley-wine-1.jpg\",\"contentUrl\":\"https:\\\/\\\/www.monpier-gherdeina.it\\\/box\\\/wp-content\\\/uploads\\\/2021\\\/08\\\/033-bottiglia-barley-wine-1.jpg\",\"width\":752,\"height\":1132},{\"@type\":\"BreadcrumbList\",\"@id\":\"https:\\\/\\\/www.monpier-gherdeina.it\\\/box\\\/prodotto\\\/1230-urtijei-barley-wine\\\/#breadcrumb\",\"itemListElement\":[{\"@type\":\"ListItem\",\"position\":1,\"name\":\"Home\",\"item\":\"https:\\\/\\\/www.monpier-gherdeina.it\\\/box\\\/\"},{\"@type\":\"ListItem\",\"position\":2,\"name\":\"Shop\",\"item\":\"https:\\\/\\\/www.monpier-gherdeina.it\\\/box\\\/negozio\\\/\"},{\"@type\":\"ListItem\",\"position\":3,\"name\":\"Urtij\u00ebi 1230 Barley Wine\"}]},{\"@type\":\"WebSite\",\"@id\":\"https:\\\/\\\/www.monpier-gherdeina.it\\\/box\\\/#website\",\"url\":\"https:\\\/\\\/www.monpier-gherdeina.it\\\/box\\\/\",\"name\":\"Monpi\u00ebr de Gherd\u00ebina\",\"description\":\"birrificio artigianale a Ortisei\",\"publisher\":{\"@id\":\"https:\\\/\\\/www.monpier-gherdeina.it\\\/box\\\/#organization\"},\"potentialAction\":[{\"@type\":\"SearchAction\",\"target\":{\"@type\":\"EntryPoint\",\"urlTemplate\":\"https:\\\/\\\/www.monpier-gherdeina.it\\\/box\\\/?s={search_term_string}\"},\"query-input\":{\"@type\":\"PropertyValueSpecification\",\"valueRequired\":true,\"valueName\":\"search_term_string\"}}],\"inLanguage\":\"it-IT\"},{\"@type\":\"Organization\",\"@id\":\"https:\\\/\\\/www.monpier-gherdeina.it\\\/box\\\/#organization\",\"name\":\"Monpi\u00ebr de Gherd\u00ebina\",\"url\":\"https:\\\/\\\/www.monpier-gherdeina.it\\\/box\\\/\",\"logo\":{\"@type\":\"ImageObject\",\"inLanguage\":\"it-IT\",\"@id\":\"https:\\\/\\\/www.monpier-gherdeina.it\\\/box\\\/#\\\/schema\\\/logo\\\/image\\\/\",\"url\":\"https:\\\/\\\/www.monpier-gherdeina.it\\\/box\\\/wp-content\\\/uploads\\\/2020\\\/03\\\/cropped-logo-1.png\",\"contentUrl\":\"https:\\\/\\\/www.monpier-gherdeina.it\\\/box\\\/wp-content\\\/uploads\\\/2020\\\/03\\\/cropped-logo-1.png\",\"width\":240,\"height\":83,\"caption\":\"Monpi\u00ebr de Gherd\u00ebina\"},\"image\":{\"@id\":\"https:\\\/\\\/www.monpier-gherdeina.it\\\/box\\\/#\\\/schema\\\/logo\\\/image\\\/\"},\"sameAs\":[\"https:\\\/\\\/www.facebook.com\\\/monpierdegherdeina\"]}]}<\/script>\n<!-- \/ Yoast SEO plugin. -->","yoast_head_json":{"title":"Urtij\u00ebi 1230  Barley Wine  - Monpi\u00ebr de Gherd\u00ebina","robots":{"index":"index","follow":"follow","max-snippet":"max-snippet:-1","max-image-preview":"max-image-preview:large","max-video-preview":"max-video-preview:-1"},"canonical":"https:\/\/www.monpier-gherdeina.it\/box\/prodotto\/1230-urtijei-barley-wine\/","og_locale":"it_IT","og_type":"article","og_title":"Urtij\u00ebi 1230  Barley Wine  - Monpi\u00ebr de Gherd\u00ebina","og_description":"Barley Wine tradizionale, maturato in botti di rum per 12 mesi. Per l'occasione speciale.  Disponibile in scatole da 12 bottiglie da 33cl    Stile: Barley Wine   Alcol:\u00a0 11,4   Ibu:\u00a0 70   Plato:\u00a0 26   Formato: Bottiglia 33cl   Ingredienti: Acqua, MALTO D'ORZO, Luppolo,\u00a0 Lievito.   Disponibilit\u00e0: Stagionale    &nbsp;","og_url":"https:\/\/www.monpier-gherdeina.it\/box\/prodotto\/1230-urtijei-barley-wine\/","og_site_name":"Monpi\u00ebr de Gherd\u00ebina","article_publisher":"https:\/\/www.facebook.com\/monpierdegherdeina","article_modified_time":"2023-06-22T07:24:11+00:00","og_image":[{"width":752,"height":1132,"url":"https:\/\/www.monpier-gherdeina.it\/box\/wp-content\/uploads\/2021\/08\/033-bottiglia-barley-wine-1.jpg","type":"image\/jpeg"}],"twitter_card":"summary_large_image","twitter_misc":{"Tempo di lettura stimato":"1 minuto"},"schema":{"@context":"https:\/\/schema.org","@graph":[{"@type":"WebPage","@id":"https:\/\/www.monpier-gherdeina.it\/box\/prodotto\/1230-urtijei-barley-wine\/","url":"https:\/\/www.monpier-gherdeina.it\/box\/prodotto\/1230-urtijei-barley-wine\/","name":"Urtij\u00ebi 1230 Barley Wine - Monpi\u00ebr de Gherd\u00ebina","isPartOf":{"@id":"https:\/\/www.monpier-gherdeina.it\/box\/#website"},"primaryImageOfPage":{"@id":"https:\/\/www.monpier-gherdeina.it\/box\/prodotto\/1230-urtijei-barley-wine\/#primaryimage"},"image":{"@id":"https:\/\/www.monpier-gherdeina.it\/box\/prodotto\/1230-urtijei-barley-wine\/#primaryimage"},"thumbnailUrl":"https:\/\/www.monpier-gherdeina.it\/box\/wp-content\/uploads\/2021\/08\/033-bottiglia-barley-wine-1.jpg","datePublished":"2021-08-18T09:48:08+00:00","dateModified":"2023-06-22T07:24:11+00:00","breadcrumb":{"@id":"https:\/\/www.monpier-gherdeina.it\/box\/prodotto\/1230-urtijei-barley-wine\/#breadcrumb"},"inLanguage":"it-IT","potentialAction":[{"@type":"ReadAction","target":["https:\/\/www.monpier-gherdeina.it\/box\/prodotto\/1230-urtijei-barley-wine\/"]}]},{"@type":"ImageObject","inLanguage":"it-IT","@id":"https:\/\/www.monpier-gherdeina.it\/box\/prodotto\/1230-urtijei-barley-wine\/#primaryimage","url":"https:\/\/www.monpier-gherdeina.it\/box\/wp-content\/uploads\/2021\/08\/033-bottiglia-barley-wine-1.jpg","contentUrl":"https:\/\/www.monpier-gherdeina.it\/box\/wp-content\/uploads\/2021\/08\/033-bottiglia-barley-wine-1.jpg","width":752,"height":1132},{"@type":"BreadcrumbList","@id":"https:\/\/www.monpier-gherdeina.it\/box\/prodotto\/1230-urtijei-barley-wine\/#breadcrumb","itemListElement":[{"@type":"ListItem","position":1,"name":"Home","item":"https:\/\/www.monpier-gherdeina.it\/box\/"},{"@type":"ListItem","position":2,"name":"Shop","item":"https:\/\/www.monpier-gherdeina.it\/box\/negozio\/"},{"@type":"ListItem","position":3,"name":"Urtij\u00ebi 1230 Barley Wine"}]},{"@type":"WebSite","@id":"https:\/\/www.monpier-gherdeina.it\/box\/#website","url":"https:\/\/www.monpier-gherdeina.it\/box\/","name":"Monpi\u00ebr de Gherd\u00ebina","description":"birrificio artigianale a Ortisei","publisher":{"@id":"https:\/\/www.monpier-gherdeina.it\/box\/#organization"},"potentialAction":[{"@type":"SearchAction","target":{"@type":"EntryPoint","urlTemplate":"https:\/\/www.monpier-gherdeina.it\/box\/?s={search_term_string}"},"query-input":{"@type":"PropertyValueSpecification","valueRequired":true,"valueName":"search_term_string"}}],"inLanguage":"it-IT"},{"@type":"Organization","@id":"https:\/\/www.monpier-gherdeina.it\/box\/#organization","name":"Monpi\u00ebr de Gherd\u00ebina","url":"https:\/\/www.monpier-gherdeina.it\/box\/","logo":{"@type":"ImageObject","inLanguage":"it-IT","@id":"https:\/\/www.monpier-gherdeina.it\/box\/#\/schema\/logo\/image\/","url":"https:\/\/www.monpier-gherdeina.it\/box\/wp-content\/uploads\/2020\/03\/cropped-logo-1.png","contentUrl":"https:\/\/www.monpier-gherdeina.it\/box\/wp-content\/uploads\/2020\/03\/cropped-logo-1.png","width":240,"height":83,"caption":"Monpi\u00ebr de Gherd\u00ebina"},"image":{"@id":"https:\/\/www.monpier-gherdeina.it\/box\/#\/schema\/logo\/image\/"},"sameAs":["https:\/\/www.facebook.com\/monpierdegherdeina"]}]}},"_links":{"self":[{"href":"https:\/\/www.monpier-gherdeina.it\/box\/wp-json\/wp\/v2\/product\/5012","targetHints":{"allow":["GET"]}}],"collection":[{"href":"https:\/\/www.monpier-gherdeina.it\/box\/wp-json\/wp\/v2\/product"}],"about":[{"href":"https:\/\/www.monpier-gherdeina.it\/box\/wp-json\/wp\/v2\/types\/product"}],"version-history":[{"count":29,"href":"https:\/\/www.monpier-gherdeina.it\/box\/wp-json\/wp\/v2\/product\/5012\/revisions"}],"predecessor-version":[{"id":5138,"href":"https:\/\/www.monpier-gherdeina.it\/box\/wp-json\/wp\/v2\/product\/5012\/revisions\/5138"}],"wp:featuredmedia":[{"embeddable":true,"href":"https:\/\/www.monpier-gherdeina.it\/box\/wp-json\/wp\/v2\/media\/5035"}],"wp:attachment":[{"href":"https:\/\/www.monpier-gherdeina.it\/box\/wp-json\/wp\/v2\/media?parent=5012"}],"wp:term":[{"taxonomy":"product_brand","embeddable":true,"href":"https:\/\/www.monpier-gherdeina.it\/box\/wp-json\/wp\/v2\/product_brand?post=5012"},{"taxonomy":"product_cat","embeddable":true,"href":"https:\/\/www.monpier-gherdeina.it\/box\/wp-json\/wp\/v2\/product_cat?post=5012"},{"taxonomy":"product_tag","embeddable":true,"href":"https:\/\/www.monpier-gherdeina.it\/box\/wp-json\/wp\/v2\/product_tag?post=5012"}],"curies":[{"name":"wp","href":"https:\/\/api.w.org\/{rel}","templated":true}]}}